{"id":7,"date":"2018-07-09T18:22:19","date_gmt":"2018-07-09T18:22:19","guid":{"rendered":"http:\/\/dvigalo.net\/?page_id=7"},"modified":"2018-07-13T13:07:31","modified_gmt":"2018-07-13T13:07:31","slug":"dvigalo","status":"publish","type":"page","link":"https:\/\/dvigalo.net\/en\/dvigalo\/","title":{"rendered":"Cranes"},"content":{"rendered":"<div data-elementor-type=\"wp-post\" data-elementor-id=\"7\" class=\"elementor elementor-7 elementor-bc-flex-widget\">\n\t\t\t\t\t\t<section class=\"elementor-section elementor-top-section elementor-element elementor-element-11f83e40 elementor-section-boxed elementor-section-height-default elementor-section-height-default\" data-id=\"11f83e40\" data-element_type=\"section\">\n\t\t\t\t\t\t<div class=\"elementor-container elementor-column-gap-default\">\n\t\t\t\t\t<div class=\"elementor-column elementor-col-100 elementor-top-column elementor-element elementor-element-73b49581\" data-id=\"73b49581\" data-element_type=\"column\" data-settings=\"{&quot;background_background&quot;:&quot;classic&quot;}\">\n\t\t\t<div class=\"elementor-widget-wrap elementor-element-populated\">\n\t\t\t\t\t<div class=\"elementor-background-overlay\"><\/div>\n\t\t\t\t\t\t<div class=\"elementor-element elementor-element-158dfd68 elementor-widget elementor-widget-text-editor\" data-id=\"158dfd68\" data-element_type=\"widget\" data-widget_type=\"text-editor.default\">\n\t\t\t\t<div class=\"elementor-widget-container\">\n\t\t\t\t\t\t\t\t\t<p>Cranes are helpful tool for carrying, lifting and lowering loads in the technological process.<\/p><p>The possibilities of how to make and use the Crane are unlimited.<\/p><p>Cranes are used in every industry (machine, wood, chemical, construction, ...)<\/p><p><strong>SINOR CRANES<\/strong> specializes in loads from 80 kg to 3200 kg.<\/p><p>Our cranes are classified into two groups: JIB Cranes and lightweight modular crane systems<\/p><p><strong>JIB Cranes are divided into:<\/strong><\/p><ol><li>Pillar jib cranes<\/li><li>Wall jib cranes<\/li><\/ol><p>Some of the most common solutions:<\/p><p><strong>Konzolno nihajo\u010de dvigalo.<\/strong> Ro\u010dica SPODAJ, nosilna izvedba s stebrom ali zidna &#8211; stenska izvedba.<\/p><p>Kot vrtenja 180 &#8211; 270\u1d52, nosilnost\u00a0 80 &#8211; 3200 kg, dol\u017eina nosilne konzole 2 &#8211; 10 m.<\/p><p>Dvigala priporo\u010damo tam, kjer je dovolj vi\u0161ine, kjer je \u017ee primeren temelj in mo\u017eno opiranje na obstoje\u010do konstrukcijo.<\/p><p><strong>Konzolno nihajo\u010de dvigalo.<\/strong> Ro\u010dica ZGORAJ, nosilna izvedba s stebrom ali zidna &#8211; stenska izvedba.<\/p><p>Kot vrtenja 180 &#8211; 360\u1d52, nosilnost\u00a0 80 &#8211; 3200 kg, dol\u017eina nosilne konzole 2 &#8211; 10 m.<\/p><p>Dvigala priporo\u010damo tam, kjer je vi\u0161ina prostora omejena, kjer je \u017ee primeren temelj in mo\u017eno opiranje na obstoje\u010do konstrukcijo.<\/p><p><strong>Konzolno nihajo\u010de, smu\u010dno dvigalo.<\/strong> Ro\u010dica ZGORAJ, nosilna izvedba s stebrom ali zidna &#8211; stenska izvedba..<\/p><p>Kot vrtenja 180 \u2013 270\u00b0 (360\u1d52), nosilnost\u00a0 80 &#8211; 3200 kg, dol\u017eina nosilne konzole 2 &#8211; 10 m.<\/p><p>Dvigala priporo\u010damo tam, kjer je prostor dolg in ozek. Dvigalu pri obra\u010danju skr\u010dimo spodnjo ro\u010dico tako, da lahko zaokro\u017ei po prostoru. Ko preide \u010dez o\u017eino, spodnjo ro\u010dico teleskopsko raztegnemo in dose\u017eemo odaljene predmete .<\/p><p><strong>Konzolno nihajo\u010de dvigalo.<\/strong> Ro\u010dica ZGORAJ , nosilna izvedba s stebrom, vrtenje za 360\u1d52<\/p><p>Kot vrtenja 360\u00b0, nosilnost\u00a0 80 &#8211; 3200 kg, dol\u017eina nosilne konzole 2 &#8211; 10 m<\/p><p>Dvigala priporo\u010damo tam, kjer je potreba po vrtenju celotne kro\u017enice.<\/p><p><strong>Konzolno nihajo\u010de, ZGLOBNO dvigalo<\/strong> (knick dvigalo). Ro\u010dica ZGORAJ, nosilna izvedba s stebrom ali zidna &#8211; stenska izvedba.<\/p><p>Kot vrtenja 180 \u2013 270\u00b0 (360\u1d52), nosilnost\u00a0 80 &#8211; 500 kg, dol\u017eina nosilne konzole 2 &#8211; 5 m.<\/p><p>Dvigala priporo\u010damo tam, kjer je potreben premik bremena iz prostora v prostor.<\/p>\t\t\t\t\t\t\t\t<\/div>\n\t\t\t\t<\/div>\n\t\t\t\t\t<\/div>\n\t\t<\/div>\n\t\t\t\t\t<\/div>\n\t\t<\/section>\n\t\t\t\t<\/div>","protected":false},"excerpt":{"rendered":"<p>Dvigala so pripomo\u010dek za prena\u0161anje, dviganje in spu\u0161\u010danje bremen v tehnolo\u0161kem procesu. Mo\u017enosti kako izdelati in uporabiti DVIGALO je neomejeno. Dvigala so v uporabi v vsaki panogi (strojna, lesna, kemijska, gradbene,&#8230;) DVIGALA SINOR so specializirana za bremena od 80 kg do 3200 kg. Na\u0161a dvigala uvr\u0161\u010damo v dve skupini in sicer KONZOLNA DVIGALA in LAHKA [&hellip;]<\/p>","protected":false},"author":1,"featured_media":0,"parent":0,"menu_order":0,"comment_status":"closed","ping_status":"closed","template":"","meta":{"footnotes":""},"class_list":["post-7","page","type-page","status-publish","hentry","entry"],"_links":{"self":[{"href":"https:\/\/dvigalo.net\/en\/wp-json\/wp\/v2\/pages\/7","targetHints":{"allow":["GET"]}}],"collection":[{"href":"https:\/\/dvigalo.net\/en\/wp-json\/wp\/v2\/pages"}],"about":[{"href":"https:\/\/dvigalo.net\/en\/wp-json\/wp\/v2\/types\/page"}],"author":[{"embeddable":true,"href":"https:\/\/dvigalo.net\/en\/wp-json\/wp\/v2\/users\/1"}],"replies":[{"embeddable":true,"href":"https:\/\/dvigalo.net\/en\/wp-json\/wp\/v2\/comments?post=7"}],"version-history":[{"count":12,"href":"https:\/\/dvigalo.net\/en\/wp-json\/wp\/v2\/pages\/7\/revisions"}],"predecessor-version":[{"id":146,"href":"https:\/\/dvigalo.net\/en\/wp-json\/wp\/v2\/pages\/7\/revisions\/146"}],"wp:attachment":[{"href":"https:\/\/dvigalo.net\/en\/wp-json\/wp\/v2\/media?parent=7"}],"curies":[{"name":"wp","href":"https:\/\/api.w.org\/{rel}","templated":true}]}}