{"id":67,"date":"2018-07-11T12:38:07","date_gmt":"2018-07-11T12:38:07","guid":{"rendered":"http:\/\/dvigalo.net\/?page_id=67"},"modified":"2018-07-12T15:38:23","modified_gmt":"2018-07-12T15:38:23","slug":"vakuumsko-prijemalo","status":"publish","type":"page","link":"https:\/\/dvigalo.net\/en\/vakuumsko-prijemalo\/","title":{"rendered":"Vacuum Lifter"},"content":{"rendered":"<p>The vacuum lifter is used to easily move panels of glass, metal, wood or stone.<br \/>\nDepending on the customer's requirements, the rotation option in the desired plane can be added tov the lifter.<\/p>\n<p>Our lifters feature a useful design, low weight and simple and safe use.<\/p>\n<p><code class=\"rl-shortcode\"><div class=\"rl-gallery-container splide rl-loading\" id=\"rl-gallery-container-1\" data-gallery_id=\"117\"> <div class=\"rl-gallery rl-basicslider-gallery splide__track rl-hover-effect-1\" id=\"rl-gallery-1\" data-gallery_no=\"1\"> <ul class=\"splide__list\"> <li class=\"rl-gallery-item splide__slide\" data-thumb=\"https:\/\/ml0p09rqmmtv.i.optimole.com\/w:300\/h:283\/q:mauto\/ig:avif\/https:\/\/dvigalo.net\/wp-content\/uploads\/2018\/07\/Pnevmatska-grupa-8051861-1.jpg\"> <a href=\"https:\/\/ml0p09rqmmtv.i.optimole.com\/w:auto\/h:auto\/q:mauto\/ig:avif\/https:\/\/dvigalo.net\/wp-content\/uploads\/2018\/07\/Pnevmatska-grupa-8051861-1.jpg\" title=\"\" data-rl_title=\"\" class=\"rl-gallery-link\" data-rl_caption=\"\" data-rel=\"lightbox-gallery-1\"><img data-opt-id=137954075  fetchpriority=\"high\" decoding=\"async\" src=\"https:\/\/ml0p09rqmmtv.i.optimole.com\/w:300\/h:283\/q:mauto\/ig:avif\/https:\/\/dvigalo.net\/wp-content\/uploads\/2018\/07\/Pnevmatska-grupa-8051861-1.jpg\" width=\"300\" height=\"283\" alt=\"\"\/><\/a> <\/li> <li class=\"rl-gallery-item splide__slide\" data-thumb=\"https:\/\/ml0p09rqmmtv.i.optimole.com\/w:300\/h:200\/q:mauto\/ig:avif\/https:\/\/dvigalo.net\/wp-content\/uploads\/2018\/07\/Pnevmatska-grupa-8051975.jpg\"> <a href=\"https:\/\/ml0p09rqmmtv.i.optimole.com\/w:auto\/h:auto\/q:mauto\/ig:avif\/https:\/\/dvigalo.net\/wp-content\/uploads\/2018\/07\/Pnevmatska-grupa-8051975.jpg\" title=\"\" data-rl_title=\"\" class=\"rl-gallery-link\" data-rl_caption=\"\" data-rel=\"lightbox-gallery-1\"><img data-opt-id=1053887611  fetchpriority=\"high\" decoding=\"async\" src=\"https:\/\/ml0p09rqmmtv.i.optimole.com\/w:300\/h:200\/q:mauto\/ig:avif\/https:\/\/dvigalo.net\/wp-content\/uploads\/2018\/07\/Pnevmatska-grupa-8051975.jpg\" width=\"300\" height=\"200\" alt=\"\"\/><\/a> <\/li> <li class=\"rl-gallery-item splide__slide\" data-thumb=\"https:\/\/ml0p09rqmmtv.i.optimole.com\/w:300\/h:200\/q:mauto\/ig:avif\/https:\/\/dvigalo.net\/wp-content\/uploads\/2018\/07\/Pnevmatska-grupa-8051970.jpg\"> <a href=\"https:\/\/ml0p09rqmmtv.i.optimole.com\/w:auto\/h:auto\/q:mauto\/ig:avif\/https:\/\/dvigalo.net\/wp-content\/uploads\/2018\/07\/Pnevmatska-grupa-8051970.jpg\" title=\"\" data-rl_title=\"\" class=\"rl-gallery-link\" data-rl_caption=\"\" data-rel=\"lightbox-gallery-1\"><img data-opt-id=6872902  data-opt-src=\"https:\/\/ml0p09rqmmtv.i.optimole.com\/w:300\/h:200\/q:mauto\/ig:avif\/https:\/\/dvigalo.net\/wp-content\/uploads\/2018\/07\/Pnevmatska-grupa-8051970.jpg\"  decoding=\"async\" src=\"data:image/svg+xml,%3Csvg%20viewBox%3D%220%200%20300%20200%22%20width%3D%22300%22%20height%3D%22200%22%20xmlns%3D%22http%3A%2F%2Fwww.w3.org%2F2000%2Fsvg%22%3E%3Crect%20width%3D%22300%22%20height%3D%22200%22%20fill%3D%22transparent%22%2F%3E%3C%2Fsvg%3E\" width=\"300\" height=\"200\" alt=\"\"\/><\/a> <\/li> <li class=\"rl-gallery-item splide__slide\" data-thumb=\"https:\/\/ml0p09rqmmtv.i.optimole.com\/w:300\/h:200\/q:mauto\/ig:avif\/https:\/\/dvigalo.net\/wp-content\/uploads\/2018\/07\/Pnevmatska-grupa-8051965.jpg\"> <a href=\"https:\/\/ml0p09rqmmtv.i.optimole.com\/w:auto\/h:auto\/q:mauto\/ig:avif\/https:\/\/dvigalo.net\/wp-content\/uploads\/2018\/07\/Pnevmatska-grupa-8051965.jpg\" title=\"\" data-rl_title=\"\" class=\"rl-gallery-link\" data-rl_caption=\"\" data-rel=\"lightbox-gallery-1\"><img data-opt-id=1947342131  data-opt-src=\"https:\/\/ml0p09rqmmtv.i.optimole.com\/w:300\/h:200\/q:mauto\/ig:avif\/https:\/\/dvigalo.net\/wp-content\/uploads\/2018\/07\/Pnevmatska-grupa-8051965.jpg\"  loading=\"lazy\" decoding=\"async\" src=\"data:image/svg+xml,%3Csvg%20viewBox%3D%220%200%20300%20200%22%20width%3D%22300%22%20height%3D%22200%22%20xmlns%3D%22http%3A%2F%2Fwww.w3.org%2F2000%2Fsvg%22%3E%3Crect%20width%3D%22300%22%20height%3D%22200%22%20fill%3D%22transparent%22%2F%3E%3C%2Fsvg%3E\" width=\"300\" height=\"200\" alt=\"\"\/><\/a> <\/li> <li class=\"rl-gallery-item splide__slide\" data-thumb=\"https:\/\/ml0p09rqmmtv.i.optimole.com\/w:300\/h:200\/q:mauto\/ig:avif\/https:\/\/dvigalo.net\/wp-content\/uploads\/2018\/07\/Pnevmatska-grupa-8051960.jpg\"> <a href=\"https:\/\/ml0p09rqmmtv.i.optimole.com\/w:auto\/h:auto\/q:mauto\/ig:avif\/https:\/\/dvigalo.net\/wp-content\/uploads\/2018\/07\/Pnevmatska-grupa-8051960.jpg\" title=\"\" data-rl_title=\"\" class=\"rl-gallery-link\" data-rl_caption=\"\" data-rel=\"lightbox-gallery-1\"><img data-opt-id=1740508275  data-opt-src=\"https:\/\/ml0p09rqmmtv.i.optimole.com\/w:300\/h:200\/q:mauto\/ig:avif\/https:\/\/dvigalo.net\/wp-content\/uploads\/2018\/07\/Pnevmatska-grupa-8051960.jpg\"  loading=\"lazy\" decoding=\"async\" src=\"data:image/svg+xml,%3Csvg%20viewBox%3D%220%200%20300%20200%22%20width%3D%22300%22%20height%3D%22200%22%20xmlns%3D%22http%3A%2F%2Fwww.w3.org%2F2000%2Fsvg%22%3E%3Crect%20width%3D%22300%22%20height%3D%22200%22%20fill%3D%22transparent%22%2F%3E%3C%2Fsvg%3E\" width=\"300\" height=\"200\" alt=\"\"\/><\/a> <\/li> <li class=\"rl-gallery-item splide__slide\" data-thumb=\"https:\/\/ml0p09rqmmtv.i.optimole.com\/w:300\/h:200\/q:mauto\/ig:avif\/https:\/\/dvigalo.net\/wp-content\/uploads\/2018\/07\/Pnevmatska-grupa-8051880.jpg\"> <a href=\"https:\/\/ml0p09rqmmtv.i.optimole.com\/w:auto\/h:auto\/q:mauto\/ig:avif\/https:\/\/dvigalo.net\/wp-content\/uploads\/2018\/07\/Pnevmatska-grupa-8051880.jpg\" title=\"\" data-rl_title=\"\" class=\"rl-gallery-link\" data-rl_caption=\"\" data-rel=\"lightbox-gallery-1\"><img data-opt-id=1090810863  data-opt-src=\"https:\/\/ml0p09rqmmtv.i.optimole.com\/w:300\/h:200\/q:mauto\/ig:avif\/https:\/\/dvigalo.net\/wp-content\/uploads\/2018\/07\/Pnevmatska-grupa-8051880.jpg\"  loading=\"lazy\" decoding=\"async\" src=\"data:image/svg+xml,%3Csvg%20viewBox%3D%220%200%20300%20200%22%20width%3D%22300%22%20height%3D%22200%22%20xmlns%3D%22http%3A%2F%2Fwww.w3.org%2F2000%2Fsvg%22%3E%3Crect%20width%3D%22300%22%20height%3D%22200%22%20fill%3D%22transparent%22%2F%3E%3C%2Fsvg%3E\" width=\"300\" height=\"200\" alt=\"\"\/><\/a> <\/li> <li class=\"rl-gallery-item splide__slide\" data-thumb=\"https:\/\/ml0p09rqmmtv.i.optimole.com\/w:300\/h:200\/q:mauto\/ig:avif\/https:\/\/dvigalo.net\/wp-content\/uploads\/2018\/07\/Pnevmatska-grupa-8051878.jpg\"> <a href=\"https:\/\/ml0p09rqmmtv.i.optimole.com\/w:auto\/h:auto\/q:mauto\/ig:avif\/https:\/\/dvigalo.net\/wp-content\/uploads\/2018\/07\/Pnevmatska-grupa-8051878.jpg\" title=\"\" data-rl_title=\"\" class=\"rl-gallery-link\" data-rl_caption=\"\" data-rel=\"lightbox-gallery-1\"><img data-opt-id=1700360795  data-opt-src=\"https:\/\/ml0p09rqmmtv.i.optimole.com\/w:300\/h:200\/q:mauto\/ig:avif\/https:\/\/dvigalo.net\/wp-content\/uploads\/2018\/07\/Pnevmatska-grupa-8051878.jpg\"  loading=\"lazy\" decoding=\"async\" src=\"data:image/svg+xml,%3Csvg%20viewBox%3D%220%200%20300%20200%22%20width%3D%22300%22%20height%3D%22200%22%20xmlns%3D%22http%3A%2F%2Fwww.w3.org%2F2000%2Fsvg%22%3E%3Crect%20width%3D%22300%22%20height%3D%22200%22%20fill%3D%22transparent%22%2F%3E%3C%2Fsvg%3E\" width=\"300\" height=\"200\" alt=\"\"\/><\/a> <\/li> <li class=\"rl-gallery-item splide__slide\" data-thumb=\"https:\/\/ml0p09rqmmtv.i.optimole.com\/w:300\/h:200\/q:mauto\/ig:avif\/https:\/\/dvigalo.net\/wp-content\/uploads\/2018\/07\/Pnevmatska-grupa-8052071.jpg\"> <a href=\"https:\/\/ml0p09rqmmtv.i.optimole.com\/w:auto\/h:auto\/q:mauto\/ig:avif\/https:\/\/dvigalo.net\/wp-content\/uploads\/2018\/07\/Pnevmatska-grupa-8052071.jpg\" title=\"\" data-rl_title=\"\" class=\"rl-gallery-link\" data-rl_caption=\"\" data-rel=\"lightbox-gallery-1\"><img data-opt-id=553944297  data-opt-src=\"https:\/\/ml0p09rqmmtv.i.optimole.com\/w:300\/h:200\/q:mauto\/ig:avif\/https:\/\/dvigalo.net\/wp-content\/uploads\/2018\/07\/Pnevmatska-grupa-8052071.jpg\"  loading=\"lazy\" decoding=\"async\" src=\"data:image/svg+xml,%3Csvg%20viewBox%3D%220%200%20300%20200%22%20width%3D%22300%22%20height%3D%22200%22%20xmlns%3D%22http%3A%2F%2Fwww.w3.org%2F2000%2Fsvg%22%3E%3Crect%20width%3D%22300%22%20height%3D%22200%22%20fill%3D%22transparent%22%2F%3E%3C%2Fsvg%3E\" width=\"300\" height=\"200\" alt=\"\"\/><\/a> <\/li> <li class=\"rl-gallery-item splide__slide\" data-thumb=\"https:\/\/ml0p09rqmmtv.i.optimole.com\/w:300\/h:200\/q:mauto\/ig:avif\/https:\/\/dvigalo.net\/wp-content\/uploads\/2018\/07\/Pnevmatska-grupa-8052066.jpg\"> <a href=\"https:\/\/ml0p09rqmmtv.i.optimole.com\/w:auto\/h:auto\/q:mauto\/ig:avif\/https:\/\/dvigalo.net\/wp-content\/uploads\/2018\/07\/Pnevmatska-grupa-8052066.jpg\" title=\"\" data-rl_title=\"\" class=\"rl-gallery-link\" data-rl_caption=\"\" data-rel=\"lightbox-gallery-1\"><img data-opt-id=1690482275  data-opt-src=\"https:\/\/ml0p09rqmmtv.i.optimole.com\/w:300\/h:200\/q:mauto\/ig:avif\/https:\/\/dvigalo.net\/wp-content\/uploads\/2018\/07\/Pnevmatska-grupa-8052066.jpg\"  loading=\"lazy\" decoding=\"async\" src=\"data:image/svg+xml,%3Csvg%20viewBox%3D%220%200%20300%20200%22%20width%3D%22300%22%20height%3D%22200%22%20xmlns%3D%22http%3A%2F%2Fwww.w3.org%2F2000%2Fsvg%22%3E%3Crect%20width%3D%22300%22%20height%3D%22200%22%20fill%3D%22transparent%22%2F%3E%3C%2Fsvg%3E\" width=\"300\" height=\"200\" alt=\"\"\/><\/a> <\/li> <li class=\"rl-gallery-item splide__slide\" data-thumb=\"https:\/\/ml0p09rqmmtv.i.optimole.com\/w:300\/h:200\/q:mauto\/ig:avif\/https:\/\/dvigalo.net\/wp-content\/uploads\/2018\/07\/Pnevmatska-grupa-8052037.jpg\"> <a href=\"https:\/\/ml0p09rqmmtv.i.optimole.com\/w:auto\/h:auto\/q:mauto\/ig:avif\/https:\/\/dvigalo.net\/wp-content\/uploads\/2018\/07\/Pnevmatska-grupa-8052037.jpg\" title=\"\" data-rl_title=\"\" class=\"rl-gallery-link\" data-rl_caption=\"\" data-rel=\"lightbox-gallery-1\"><img data-opt-id=918724380  data-opt-src=\"https:\/\/ml0p09rqmmtv.i.optimole.com\/w:300\/h:200\/q:mauto\/ig:avif\/https:\/\/dvigalo.net\/wp-content\/uploads\/2018\/07\/Pnevmatska-grupa-8052037.jpg\"  loading=\"lazy\" decoding=\"async\" src=\"data:image/svg+xml,%3Csvg%20viewBox%3D%220%200%20300%20200%22%20width%3D%22300%22%20height%3D%22200%22%20xmlns%3D%22http%3A%2F%2Fwww.w3.org%2F2000%2Fsvg%22%3E%3Crect%20width%3D%22300%22%20height%3D%22200%22%20fill%3D%22transparent%22%2F%3E%3C%2Fsvg%3E\" width=\"300\" height=\"200\" alt=\"\"\/><\/a> <\/li> <li class=\"rl-gallery-item splide__slide\" data-thumb=\"https:\/\/ml0p09rqmmtv.i.optimole.com\/w:200\/h:300\/q:mauto\/ig:avif\/https:\/\/dvigalo.net\/wp-content\/uploads\/2018\/07\/Pnevmatska-grupa-8051875.jpg\"> <a href=\"https:\/\/ml0p09rqmmtv.i.optimole.com\/w:auto\/h:auto\/q:mauto\/ig:avif\/https:\/\/dvigalo.net\/wp-content\/uploads\/2018\/07\/Pnevmatska-grupa-8051875.jpg\" title=\"\" data-rl_title=\"\" class=\"rl-gallery-link\" data-rl_caption=\"\" data-rel=\"lightbox-gallery-1\"><img data-opt-id=214105481  data-opt-src=\"https:\/\/ml0p09rqmmtv.i.optimole.com\/w:200\/h:300\/q:mauto\/ig:avif\/https:\/\/dvigalo.net\/wp-content\/uploads\/2018\/07\/Pnevmatska-grupa-8051875.jpg\"  loading=\"lazy\" decoding=\"async\" src=\"data:image/svg+xml,%3Csvg%20viewBox%3D%220%200%20200%20300%22%20width%3D%22200%22%20height%3D%22300%22%20xmlns%3D%22http%3A%2F%2Fwww.w3.org%2F2000%2Fsvg%22%3E%3Crect%20width%3D%22200%22%20height%3D%22300%22%20fill%3D%22transparent%22%2F%3E%3C%2Fsvg%3E\" width=\"200\" height=\"300\" alt=\"\"\/><\/a> <\/li> <li class=\"rl-gallery-item splide__slide\" data-thumb=\"https:\/\/ml0p09rqmmtv.i.optimole.com\/w:296\/h:300\/q:mauto\/ig:avif\/https:\/\/dvigalo.net\/wp-content\/uploads\/2018\/07\/Pnevmatska-grupa-8051856.jpg\"> <a href=\"https:\/\/ml0p09rqmmtv.i.optimole.com\/w:auto\/h:auto\/q:mauto\/ig:avif\/https:\/\/dvigalo.net\/wp-content\/uploads\/2018\/07\/Pnevmatska-grupa-8051856.jpg\" title=\"\" data-rl_title=\"\" class=\"rl-gallery-link\" data-rl_caption=\"\" data-rel=\"lightbox-gallery-1\"><img data-opt-id=869900962  data-opt-src=\"https:\/\/ml0p09rqmmtv.i.optimole.com\/w:296\/h:300\/q:mauto\/ig:avif\/https:\/\/dvigalo.net\/wp-content\/uploads\/2018\/07\/Pnevmatska-grupa-8051856.jpg\"  loading=\"lazy\" decoding=\"async\" src=\"data:image/svg+xml,%3Csvg%20viewBox%3D%220%200%20296%20300%22%20width%3D%22296%22%20height%3D%22300%22%20xmlns%3D%22http%3A%2F%2Fwww.w3.org%2F2000%2Fsvg%22%3E%3Crect%20width%3D%22296%22%20height%3D%22300%22%20fill%3D%22transparent%22%2F%3E%3C%2Fsvg%3E\" width=\"296\" height=\"300\" alt=\"\"\/><\/a> <\/li> <\/ul> <\/div> <\/div><\/code><\/p>","protected":false},"excerpt":{"rendered":"<p>Vakuumsko prijemalo se uporablja za enostaven in hiter premik plo\u0161\u010d iz stekla, kovine, lesa ali kamna. Glede na zahteve kupca, lahko prijemalu dodamo mo\u017enost rotacije v \u017eeljeni ravnini. Na\u0161a prijemala odlikuje uporabna zasnova, majhna masa in enostavna ter varna uporaba.<\/p>","protected":false},"author":1,"featured_media":0,"parent":0,"menu_order":0,"comment_status":"closed","ping_status":"closed","template":"","meta":{"footnotes":""},"class_list":["post-67","page","type-page","status-publish","hentry","entry"],"_links":{"self":[{"href":"https:\/\/dvigalo.net\/en\/wp-json\/wp\/v2\/pages\/67","targetHints":{"allow":["GET"]}}],"collection":[{"href":"https:\/\/dvigalo.net\/en\/wp-json\/wp\/v2\/pages"}],"about":[{"href":"https:\/\/dvigalo.net\/en\/wp-json\/wp\/v2\/types\/page"}],"author":[{"embeddable":true,"href":"https:\/\/dvigalo.net\/en\/wp-json\/wp\/v2\/users\/1"}],"replies":[{"embeddable":true,"href":"https:\/\/dvigalo.net\/en\/wp-json\/wp\/v2\/comments?post=67"}],"version-history":[{"count":2,"href":"https:\/\/dvigalo.net\/en\/wp-json\/wp\/v2\/pages\/67\/revisions"}],"predecessor-version":[{"id":119,"href":"https:\/\/dvigalo.net\/en\/wp-json\/wp\/v2\/pages\/67\/revisions\/119"}],"wp:attachment":[{"href":"https:\/\/dvigalo.net\/en\/wp-json\/wp\/v2\/media?parent=67"}],"curies":[{"name":"wp","href":"https:\/\/api.w.org\/{rel}","templated":true}]}}